{"id":2865,"date":"2026-03-07T18:24:29","date_gmt":"2026-03-07T17:24:29","guid":{"rendered":"https:\/\/www.dedashi-hierbas.com\/nl\/?page_id=2865"},"modified":"2026-03-09T15:36:40","modified_gmt":"2026-03-09T14:36:40","slug":"pandan","status":"publish","type":"page","link":"https:\/\/www.dedashi-hierbas.com\/nl\/pandan\/","title":{"rendered":"Pandan"},"content":{"rendered":"\n<p>Pandan blad<\/p>\n\n\n\n<p><em>Pandanus amaryllifolius<\/em>, beter bekend als Pandan, is niet alleen een populaire aromatische smaakmaker in de Zuidoost-Aziatische keuken, maar staat in de traditionele geneeskunde ook bekend om diverse potenti\u00eble gezondheidsvoordelen. De bladeren zijn rijk aan bioactieve stoffen, vitaminen en antioxidanten.&nbsp;<\/p>\n\n\n\n<p>Het blad van Pandanus amaryllifolius bevat aromatische verbindingen die een subtiel zoet, warm, nootachtige aroma geven. Gedroogde pandanbladeren zijn vaak een onmisbaar ingredi\u00ebnt in de voorraadkast en geven een authentieke toets aan traditionele recepten uit Thailand, Maleisi\u00eb, Indonesi\u00eb<\/p>\n\n\n\n<figure class=\"wp-block-gallery has-nested-images columns-default is-cropped wp-block-gallery-1 is-layout-flex wp-block-gallery-is-layout-flex\">\n<figure class=\"wp-block-image size-large\"><img loading=\"lazy\" decoding=\"async\" width=\"1000\" height=\"667\" data-id=\"2868\" src=\"https:\/\/www.dedashi-hierbas.com\/wp-content\/uploads\/2026\/03\/Pandan-blad-1.jpg\" alt=\"\" class=\"wp-image-2868\" srcset=\"https:\/\/www.dedashi-hierbas.com\/wp-content\/uploads\/2026\/03\/Pandan-blad-1.jpg 1000w, https:\/\/www.dedashi-hierbas.com\/wp-content\/uploads\/2026\/03\/Pandan-blad-1-300x200.jpg 300w, https:\/\/www.dedashi-hierbas.com\/wp-content\/uploads\/2026\/03\/Pandan-blad-1-768x512.jpg 768w\" sizes=\"auto, (max-width: 1000px) 100vw, 1000px\" \/><figcaption class=\"wp-element-caption\">Fresh pandan leaves<\/figcaption><\/figure>\n\n\n\n<figure class=\"wp-block-image size-large\"><img loading=\"lazy\" decoding=\"async\" width=\"1000\" height=\"1000\" data-id=\"2869\" src=\"https:\/\/www.dedashi-hierbas.com\/wp-content\/uploads\/2026\/03\/Pandan-blad-gedroogd-1.jpg\" alt=\"\" class=\"wp-image-2869\" srcset=\"https:\/\/www.dedashi-hierbas.com\/wp-content\/uploads\/2026\/03\/Pandan-blad-gedroogd-1.jpg 1000w, https:\/\/www.dedashi-hierbas.com\/wp-content\/uploads\/2026\/03\/Pandan-blad-gedroogd-1-300x300.jpg 300w, https:\/\/www.dedashi-hierbas.com\/wp-content\/uploads\/2026\/03\/Pandan-blad-gedroogd-1-150x150.jpg 150w, https:\/\/www.dedashi-hierbas.com\/wp-content\/uploads\/2026\/03\/Pandan-blad-gedroogd-1-768x768.jpg 768w\" sizes=\"auto, (max-width: 1000px) 100vw, 1000px\" \/><figcaption class=\"wp-element-caption\">dry pandan leaves<\/figcaption><\/figure>\n<\/figure>\n\n\n\n<p>Gedroogde pandanbladeren worden veel gebruikt in de Thaise keuken om gerechten een karakteristiek aromatisch profiel te geven. Het blad word meestal gekneusd of meegekookt in bereidingen zoals rijst, kokosmelk en curry\u2019s, waardoor hun geurstoffen vrijkomen. De bladeren worden doorgaans niet geconsumeerd, maar functioneren voornamelijk als aromatische smaakmaker. <\/p>\n\n\n\n<div class=\"wp-block-media-text is-stacked-on-mobile\" style=\"grid-template-columns:40% auto\"><figure class=\"wp-block-media-text__media\"><img loading=\"lazy\" decoding=\"async\" width=\"523\" height=\"470\" src=\"https:\/\/www.dedashi-hierbas.com\/wp-content\/uploads\/2026\/03\/Pandan-thee-kopje-3.png\" alt=\"\" class=\"wp-image-2878 size-full\" srcset=\"https:\/\/www.dedashi-hierbas.com\/wp-content\/uploads\/2026\/03\/Pandan-thee-kopje-3.png 523w, https:\/\/www.dedashi-hierbas.com\/wp-content\/uploads\/2026\/03\/Pandan-thee-kopje-3-300x270.png 300w\" sizes=\"auto, (max-width: 523px) 100vw, 523px\" \/><\/figure><div class=\"wp-block-media-text__content\">\n<p>Een geurige thee-infusie van pandanblad met citroengras of spearmint cre\u00ebert een verfrissende kopje thee met een aangenaam aroma en subtiele kruidige tonen.<\/p>\n<\/div><\/div>\n\n\n\n<p>B2B, Hight Tea Shops en Thee Huizen contact ons op: info@dedashi-hierbas.com<\/p>\n\n\n\n<p>NL Consumenten online: stuur ons een email&nbsp;of vraag bij uw lokalen High Tea Shop.<\/p>\n","protected":false},"excerpt":{"rendered":"<p>Pandan blad Pandanus amaryllifolius, beter bekend als Pandan, is niet alleen een populaire aromatische smaakmaker in de Zuidoost-Aziatische keuken, maar staat in de traditionele geneeskunde ook bekend om diverse potenti\u00eble gezondheidsvoordelen. De bladeren zijn rijk aan bioactieve stoffen, vitaminen en antioxidanten.&nbsp; Het blad van Pandanus amaryllifolius bevat aromatische verbindingen die een subtiel zoet, warm, nootachtige [&hellip;]<\/p>\n","protected":false},"author":1,"featured_media":0,"parent":0,"menu_order":0,"comment_status":"closed","ping_status":"closed","template":"","meta":{"footnotes":""},"class_list":["post-2865","page","type-page","status-publish","hentry"],"_links":{"self":[{"href":"https:\/\/www.dedashi-hierbas.com\/nl\/wp-json\/wp\/v2\/pages\/2865","targetHints":{"allow":["GET"]}}],"collection":[{"href":"https:\/\/www.dedashi-hierbas.com\/nl\/wp-json\/wp\/v2\/pages"}],"about":[{"href":"https:\/\/www.dedashi-hierbas.com\/nl\/wp-json\/wp\/v2\/types\/page"}],"author":[{"embeddable":true,"href":"https:\/\/www.dedashi-hierbas.com\/nl\/wp-json\/wp\/v2\/users\/1"}],"replies":[{"embeddable":true,"href":"https:\/\/www.dedashi-hierbas.com\/nl\/wp-json\/wp\/v2\/comments?post=2865"}],"version-history":[{"count":25,"href":"https:\/\/www.dedashi-hierbas.com\/nl\/wp-json\/wp\/v2\/pages\/2865\/revisions"}],"predecessor-version":[{"id":2917,"href":"https:\/\/www.dedashi-hierbas.com\/nl\/wp-json\/wp\/v2\/pages\/2865\/revisions\/2917"}],"wp:attachment":[{"href":"https:\/\/www.dedashi-hierbas.com\/nl\/wp-json\/wp\/v2\/media?parent=2865"}],"curies":[{"name":"wp","href":"https:\/\/api.w.org\/{rel}","templated":true}]}}