{"id":1963,"date":"2024-12-12T15:28:46","date_gmt":"2024-12-12T14:28:46","guid":{"rendered":"https:\/\/www.dedashi-hierbas.com\/nl\/?page_id=1963"},"modified":"2025-04-26T15:05:10","modified_gmt":"2025-04-26T14:05:10","slug":"nelumbo-nucifera","status":"publish","type":"page","link":"https:\/\/www.dedashi-hierbas.com\/nl\/nelumbo-nucifera\/","title":{"rendered":"Pink Lotus"},"content":{"rendered":"\n<p>Botanische naam \u201c <strong>Nelumbo nucifera<\/strong> \u201c,&nbsp;maar algemeen bekend als Pink Lotus of de Heilige lotus en is een van de oudste meerjarige waterplanten waarvan de zaden, wortels, bloemen en jonge bladeren gebruikt worden. In de traditionele Aziatische geneeskunde worden deze plantendelen al eeuwenlang ingezet vanwege hun veronderstelde gezondheidsvoordelen.<\/p>\n\n\n\n<p>Traditioneel gebruik:<\/p>\n\n\n\n<p><strong>Bloemen:<\/strong> Een infusie van Pink lotus gedroogde bloemen wordt vooral geprezen in de Boeddhistische leer om de&nbsp;kalmerende en spirituele eigenschappen. In de westerse wereld, waar de dagen vaak gevuld zijn met een eindeloze stroom van prikkels, biedt het zachte aroma van een Lotus-infusie een welkome balans van rust.<\/p>\n\n\n\n<figure class=\"wp-block-gallery has-nested-images columns-default is-cropped wp-block-gallery-1 is-layout-flex wp-block-gallery-is-layout-flex\">\n<figure class=\"wp-block-image size-large\"><img loading=\"lazy\" decoding=\"async\" width=\"768\" height=\"1024\" data-id=\"2690\" src=\"https:\/\/www.dedashi-hierbas.com\/wp-content\/uploads\/2025\/04\/IMG_0334-768x1024.jpeg\" alt=\"\" class=\"wp-image-2690\" srcset=\"https:\/\/www.dedashi-hierbas.com\/wp-content\/uploads\/2025\/04\/IMG_0334-768x1024.jpeg 768w, https:\/\/www.dedashi-hierbas.com\/wp-content\/uploads\/2025\/04\/IMG_0334-225x300.jpeg 225w, https:\/\/www.dedashi-hierbas.com\/wp-content\/uploads\/2025\/04\/IMG_0334-1152x1536.jpeg 1152w, https:\/\/www.dedashi-hierbas.com\/wp-content\/uploads\/2025\/04\/IMG_0334.jpeg 1530w\" sizes=\"auto, (max-width: 768px) 100vw, 768px\" \/><\/figure>\n\n\n\n<figure class=\"wp-block-image size-large\"><img loading=\"lazy\" decoding=\"async\" width=\"768\" height=\"1024\" data-id=\"2158\" src=\"https:\/\/www.dedashi-hierbas.com\/wp-content\/uploads\/2025\/01\/Pink-lotus-flower-L-768x1024.jpg\" alt=\"\" class=\"wp-image-2158\" srcset=\"https:\/\/www.dedashi-hierbas.com\/wp-content\/uploads\/2025\/01\/Pink-lotus-flower-L-768x1024.jpg 768w, https:\/\/www.dedashi-hierbas.com\/wp-content\/uploads\/2025\/01\/Pink-lotus-flower-L-225x300.jpg 225w, https:\/\/www.dedashi-hierbas.com\/wp-content\/uploads\/2025\/01\/Pink-lotus-flower-L-1152x1536.jpg 1152w, https:\/\/www.dedashi-hierbas.com\/wp-content\/uploads\/2025\/01\/Pink-lotus-flower-L.jpg 1536w\" sizes=\"auto, (max-width: 768px) 100vw, 768px\" \/><\/figure>\n<\/figure>\n\n\n\n<p><strong>Wetenschappelijke bevindingen:<\/strong> Onderzoek heeft aangetoond dat verschillende delen van de lotusplant bioactieve stoffen bevatten met potenti\u00eble gezondheidsvoordelen: Alkalo\u00efden en flavono\u00efden: De bloemen en jonge bladeren van Nelumbo nucifera bevatten alkalo\u00efden zoals nuciferine en neferine, evenals flavono\u00efden, die mogelijk&nbsp;antioxidante en ontstekingsremmende eigenschappen hebben.<\/p>\n\n\n\n<p><strong>Zaden:<\/strong> De lotuszaadjes zijn rijk aan eiwitten en bevatten essenti\u00eble aminozuren, koolhydraten, vitamines en mineralen zoals calcium, ijzer, zink en fosfor. De Nelumbo zaden worden traditioneel gebruikt vanwege hun vermeende heilzame effecten en zijn populair in de Thaise culinaire keuken.<\/p>\n\n\n\n<figure class=\"wp-block-gallery has-nested-images columns-default is-cropped wp-block-gallery-2 is-layout-flex wp-block-gallery-is-layout-flex\">\n<figure class=\"wp-block-image size-full\"><img loading=\"lazy\" decoding=\"async\" width=\"2560\" height=\"1847\" data-id=\"2001\" src=\"https:\/\/www.dedashi-hierbas.com\/wp-content\/uploads\/2024\/12\/Pink-lotus-bloem-met-knop-scaled.jpg\" alt=\"\" class=\"wp-image-2001\" srcset=\"https:\/\/www.dedashi-hierbas.com\/wp-content\/uploads\/2024\/12\/Pink-lotus-bloem-met-knop-scaled.jpg 2560w, https:\/\/www.dedashi-hierbas.com\/wp-content\/uploads\/2024\/12\/Pink-lotus-bloem-met-knop-300x216.jpg 300w, https:\/\/www.dedashi-hierbas.com\/wp-content\/uploads\/2024\/12\/Pink-lotus-bloem-met-knop-1024x739.jpg 1024w, https:\/\/www.dedashi-hierbas.com\/wp-content\/uploads\/2024\/12\/Pink-lotus-bloem-met-knop-768x554.jpg 768w, https:\/\/www.dedashi-hierbas.com\/wp-content\/uploads\/2024\/12\/Pink-lotus-bloem-met-knop-1536x1108.jpg 1536w, https:\/\/www.dedashi-hierbas.com\/wp-content\/uploads\/2024\/12\/Pink-lotus-bloem-met-knop-2048x1478.jpg 2048w\" sizes=\"auto, (max-width: 2560px) 100vw, 2560px\" \/><\/figure>\n\n\n\n<figure class=\"wp-block-image size-full\"><img loading=\"lazy\" decoding=\"async\" width=\"1000\" height=\"667\" data-id=\"2164\" src=\"https:\/\/www.dedashi-hierbas.com\/wp-content\/uploads\/2025\/01\/pink-lotus-zaden-L2.jpg\" alt=\"\" class=\"wp-image-2164\" srcset=\"https:\/\/www.dedashi-hierbas.com\/wp-content\/uploads\/2025\/01\/pink-lotus-zaden-L2.jpg 1000w, https:\/\/www.dedashi-hierbas.com\/wp-content\/uploads\/2025\/01\/pink-lotus-zaden-L2-300x200.jpg 300w, https:\/\/www.dedashi-hierbas.com\/wp-content\/uploads\/2025\/01\/pink-lotus-zaden-L2-768x512.jpg 768w\" sizes=\"auto, (max-width: 1000px) 100vw, 1000px\" \/><\/figure>\n<\/figure>\n\n\n\n<p><strong>Wortelstokken (rhizomen):<\/strong> Bevatten voedingsstoffen zoals voedingsvezels, vitamine C en diverse mineralen. In de Aziatische gastronomie keuken hebben de wortels zowel culinair als voor gezondheidsdoeleinde veel aandacht.<\/p>\n\n\n\n<p>Hoewel de lotusplant een rijke geschiedenis heeft in de traditionele Aziatische geneeskunde en voedingsleer, is het belangrijk op te merken dat veel van de veronderstelde gezondheidsclaims nog niet volledig zijn bevestigd door modern wetenschappelijk onderzoek.<\/p>\n\n\n\n<p>B2B, wholesale, shops contact, contactpagina:&nbsp;<strong><a href=\"https:\/\/www.dedashi-hierbas.com\/contact\/\">Dedashi-Hierbas<\/a>.<\/strong>&nbsp;<\/p>\n\n\n\n<p><\/p>\n","protected":false},"excerpt":{"rendered":"<p>Botanische naam \u201c Nelumbo nucifera \u201c,&nbsp;maar algemeen bekend als Pink Lotus of de Heilige lotus en is een van de oudste meerjarige waterplanten waarvan de zaden, wortels, bloemen en jonge bladeren gebruikt worden. In de traditionele Aziatische geneeskunde worden deze plantendelen al eeuwenlang ingezet vanwege hun veronderstelde gezondheidsvoordelen. Traditioneel gebruik: Bloemen: Een infusie van Pink [&hellip;]<\/p>\n","protected":false},"author":1,"featured_media":0,"parent":0,"menu_order":0,"comment_status":"closed","ping_status":"closed","template":"","meta":{"footnotes":""},"class_list":["post-1963","page","type-page","status-publish","hentry"],"_links":{"self":[{"href":"https:\/\/www.dedashi-hierbas.com\/nl\/wp-json\/wp\/v2\/pages\/1963","targetHints":{"allow":["GET"]}}],"collection":[{"href":"https:\/\/www.dedashi-hierbas.com\/nl\/wp-json\/wp\/v2\/pages"}],"about":[{"href":"https:\/\/www.dedashi-hierbas.com\/nl\/wp-json\/wp\/v2\/types\/page"}],"author":[{"embeddable":true,"href":"https:\/\/www.dedashi-hierbas.com\/nl\/wp-json\/wp\/v2\/users\/1"}],"replies":[{"embeddable":true,"href":"https:\/\/www.dedashi-hierbas.com\/nl\/wp-json\/wp\/v2\/comments?post=1963"}],"version-history":[{"count":0,"href":"https:\/\/www.dedashi-hierbas.com\/nl\/wp-json\/wp\/v2\/pages\/1963\/revisions"}],"wp:attachment":[{"href":"https:\/\/www.dedashi-hierbas.com\/nl\/wp-json\/wp\/v2\/media?parent=1963"}],"curies":[{"name":"wp","href":"https:\/\/api.w.org\/{rel}","templated":true}]}}